{"id":327,"date":"2025-01-14T13:25:11","date_gmt":"2025-01-14T13:25:11","guid":{"rendered":"https:\/\/siviljstvo-spela.si\/spelademo\/?page_id=327"},"modified":"2025-01-14T13:41:37","modified_gmt":"2025-01-14T13:41:37","slug":"gdpr-splosni-pogoji","status":"publish","type":"page","link":"https:\/\/siviljstvo-spela.si\/spelademo\/gdpr-splosni-pogoji\/","title":{"rendered":"GDPR &#038; splo\u0161ni pogoji &#8211; Popravila v enem dnevu, \u0161ivanje po meri | Modno \u0161iviljtvo \u0160pela"},"content":{"rendered":"\t\t<div data-elementor-type=\"wp-page\" data-elementor-id=\"327\" class=\"elementor elementor-327\" data-elementor-settings=\"[]\">\n\t\t\t<div class=\"elementor-inner\">\n\t\t\t\t<div class=\"elementor-section-wrap\">\n\t\t\t\t\t\t\t<section class=\"elementor-element elementor-element-770e14bb elementor-section-full_width elementor-section-height-min-height elementor-section-items-stretch elementor-section-content-middle elementor-section-height-default elementor-section elementor-top-section\" data-id=\"770e14bb\" data-element_type=\"section\" data-settings=\"{&quot;background_background&quot;:&quot;classic&quot;}\">\n\t\t\t\t\t\t<div class=\"elementor-container elementor-column-gap-no\">\n\t\t\t\t<div class=\"elementor-row\">\n\t\t\t\t<div class=\"elementor-element elementor-element-b6ad3ec elementor-column elementor-col-100 elementor-top-column\" data-id=\"b6ad3ec\" data-element_type=\"column\" data-settings=\"{&quot;background_background&quot;:&quot;none&quot;}\">\n\t\t\t<div class=\"elementor-column-wrap  elementor-element-populated\">\n\t\t\t\t\t<div class=\"elementor-widget-wrap\">\n\t\t\t\t<section class=\"elementor-element elementor-element-26049ef elementor-section-boxed elementor-section-height-default elementor-section-height-default elementor-section elementor-inner-section\" data-id=\"26049ef\" data-element_type=\"section\">\n\t\t\t\t\t\t<div class=\"elementor-container elementor-column-gap-default\">\n\t\t\t\t<div class=\"elementor-row\">\n\t\t\t\t<div class=\"elementor-element elementor-element-2953c1f elementor-column elementor-col-100 elementor-inner-column\" data-id=\"2953c1f\" data-element_type=\"column\">\n\t\t\t<div class=\"elementor-column-wrap  elementor-element-populated\">\n\t\t\t\t\t<div class=\"elementor-widget-wrap\">\n\t\t\t\t<div class=\"elementor-element elementor-element-bd20a1c elementor-widget elementor-widget-heading\" data-id=\"bd20a1c\" data-element_type=\"widget\" data-widget_type=\"heading.default\">\n\t\t\t\t<div class=\"elementor-widget-container\">\n\t\t\t<h1 class=\"elementor-heading-title elementor-size-default\">GDPR & splo\u0161ni pogoji<\/h1>\t\t<\/div>\n\t\t\t\t<\/div>\n\t\t\t\t<div class=\"elementor-element elementor-element-f859927 elementor-widget elementor-widget-text-editor\" data-id=\"f859927\" data-element_type=\"widget\" data-widget_type=\"text-editor.default\">\n\t\t\t\t<div class=\"elementor-widget-container\">\n\t\t\t\t\t<div class=\"elementor-text-editor elementor-clearfix\"><p>Splo\u0161ni pogoji spletne trgovine in spletnih strani MODNO \u0160IVILJSTVO \u0160PELA (v nadaljevanju splo\u0161ni pogoji) so sestavljeni v skladu z Zakonom o varstvu potro\u0161nikov (ZVPot), Zakonom o varstvu osebnih podatkov (ZVOP-1), Splo\u0161ne uredbe o varstvu osebnih podatkov (GDPR), Zakonom o elektronskih komunikacijah (ZEKom-1), Zakonom o elektronskem poslovanju na trgu ter Zakonom o varstvu potro\u0161nikov pred nepo\u0161tenimi poslovnimi praksami.<\/p><p>S spletno stranjo Modno \u0161iviljstvo \u0160pela (v nadaljevanju tudi \u00bbspletna stran\u00ab) upravlja podjetje MODNO \u0160IVILJSTVO \u0160PELA d.o.o., Smledni\u0161ka cesta 62A, Kranj, 4000 Kranj, mati\u010dna \u0161tevilka: 6206182000, dav\u010dna \u0161tevilka: 61313734. Ve\u010d informacij o podjetju je na voljo v zavihku\u00a0<strong>\u2018KONTAKT\u2019.<\/strong><\/p><p>Splo\u0161ni pogoji poslovanja dolo\u010dajo ravnanje s povpra\u0161evanji prejetimi preko kontaktnega obrazca na spletni strani\u00a0 MODNO \u0160IVILJSTVO \u0160PELA, pravice in obveznosti uporabnika ter urejajo poslovni odnos med Modno \u0161iviljstvo \u0160pela in kontaktno osebo.\u00a0<\/p><p><strong>UPORABA<\/strong><\/p><p>MODNO \u0160IVILJSTVO \u0160PELA se zaveda pomembnosti zanesljivega varovanja zasebnosti vsakega pridobljenega kontakta. V skladu z zakonskimi dolo\u010dili je MODNO \u0160IVILJSTVO \u0160PELA zavezan k varovanju osebnih podatkov in prepre\u010devanju dostopa do podatkov nepoobla\u0161\u010denim osebam. Zavezujemo se, da bomo va\u0161e kontakne podatke uporabljali le za komunikacijo z vami, za va\u0161e potrebe in le v primeru, da ste nas vi kontaktirali prvi.<\/p><p>Nazadnje posodobljeno: <strong>januar 2025<\/strong><\/p><\/div>\n\t\t\t\t<\/div>\n\t\t\t\t<\/div>\n\t\t\t\t\t\t<\/div>\n\t\t\t<\/div>\n\t\t<\/div>\n\t\t\t\t\t\t<\/div>\n\t\t\t<\/div>\n\t\t<\/section>\n\t\t\t\t\t\t<\/div>\n\t\t\t<\/div>\n\t\t<\/div>\n\t\t\t\t\t\t<\/div>\n\t\t\t<\/div>\n\t\t<\/section>\n\t\t\t\t<section class=\"elementor-element elementor-element-1f70d47 elementor-section-boxed elementor-section-height-default elementor-section-height-default elementor-section elementor-top-section\" data-id=\"1f70d47\" data-element_type=\"section\" data-settings=\"{&quot;background_background&quot;:&quot;classic&quot;}\">\n\t\t\t\t\t\t<div class=\"elementor-container elementor-column-gap-default\">\n\t\t\t\t<div class=\"elementor-row\">\n\t\t\t\t<div class=\"elementor-element elementor-element-7ca2730 elementor-column elementor-col-100 elementor-top-column\" data-id=\"7ca2730\" data-element_type=\"column\">\n\t\t\t<div class=\"elementor-column-wrap  elementor-element-populated\">\n\t\t\t\t\t<div class=\"elementor-widget-wrap\">\n\t\t\t\t<section class=\"elementor-element elementor-element-14ba70a elementor-section-boxed elementor-section-height-default elementor-section-height-default elementor-section elementor-inner-section\" data-id=\"14ba70a\" data-element_type=\"section\">\n\t\t\t\t\t\t<div class=\"elementor-container elementor-column-gap-default\">\n\t\t\t\t<div class=\"elementor-row\">\n\t\t\t\t<div class=\"elementor-element elementor-element-a4d6863 elementor-column elementor-col-33 elementor-inner-column\" data-id=\"a4d6863\" data-element_type=\"column\">\n\t\t\t<div class=\"elementor-column-wrap  elementor-element-populated\">\n\t\t\t\t\t<div class=\"elementor-widget-wrap\">\n\t\t\t\t<div class=\"elementor-element elementor-element-c15161f elementor-widget elementor-widget-heading\" data-id=\"c15161f\" data-element_type=\"widget\" data-widget_type=\"heading.default\">\n\t\t\t\t<div class=\"elementor-widget-container\">\n\t\t\t<h2 class=\"elementor-heading-title elementor-size-default\">500+<\/h2>\t\t<\/div>\n\t\t\t\t<\/div>\n\t\t\t\t<div class=\"elementor-element elementor-element-487b3f5 elementor-widget elementor-widget-text-editor\" data-id=\"487b3f5\" data-element_type=\"widget\" data-widget_type=\"text-editor.default\">\n\t\t\t\t<div class=\"elementor-widget-container\">\n\t\t\t\t\t<div class=\"elementor-text-editor elementor-clearfix\"><p><strong>ZADOVOLJNIH STRANK<\/strong><\/p><\/div>\n\t\t\t\t<\/div>\n\t\t\t\t<\/div>\n\t\t\t\t\t\t<\/div>\n\t\t\t<\/div>\n\t\t<\/div>\n\t\t\t\t<div class=\"elementor-element elementor-element-54ff30f elementor-column elementor-col-33 elementor-inner-column\" data-id=\"54ff30f\" data-element_type=\"column\">\n\t\t\t<div class=\"elementor-column-wrap  elementor-element-populated\">\n\t\t\t\t\t<div class=\"elementor-widget-wrap\">\n\t\t\t\t<div class=\"elementor-element elementor-element-ed2fcfb elementor-widget elementor-widget-heading\" data-id=\"ed2fcfb\" data-element_type=\"widget\" data-widget_type=\"heading.default\">\n\t\t\t\t<div class=\"elementor-widget-container\">\n\t\t\t<h2 class=\"elementor-heading-title elementor-size-default\">20+<\/h2>\t\t<\/div>\n\t\t\t\t<\/div>\n\t\t\t\t<div class=\"elementor-element elementor-element-ecca82a elementor-widget elementor-widget-text-editor\" data-id=\"ecca82a\" data-element_type=\"widget\" data-widget_type=\"text-editor.default\">\n\t\t\t\t<div class=\"elementor-widget-container\">\n\t\t\t\t\t<div class=\"elementor-text-editor elementor-clearfix\"><p><strong>LET TRADICIJE<\/strong><\/p><\/div>\n\t\t\t\t<\/div>\n\t\t\t\t<\/div>\n\t\t\t\t\t\t<\/div>\n\t\t\t<\/div>\n\t\t<\/div>\n\t\t\t\t<div class=\"elementor-element elementor-element-c2fa99d elementor-column elementor-col-33 elementor-inner-column\" data-id=\"c2fa99d\" data-element_type=\"column\">\n\t\t\t<div class=\"elementor-column-wrap  elementor-element-populated\">\n\t\t\t\t\t<div class=\"elementor-widget-wrap\">\n\t\t\t\t<div class=\"elementor-element elementor-element-0014760 elementor-widget elementor-widget-heading\" data-id=\"0014760\" data-element_type=\"widget\" data-widget_type=\"heading.default\">\n\t\t\t\t<div class=\"elementor-widget-container\">\n\t\t\t<h2 class=\"elementor-heading-title elementor-size-default\">75+<\/h2>\t\t<\/div>\n\t\t\t\t<\/div>\n\t\t\t\t<div class=\"elementor-element elementor-element-f467886 elementor-widget elementor-widget-text-editor\" data-id=\"f467886\" data-element_type=\"widget\" data-widget_type=\"text-editor.default\">\n\t\t\t\t<div class=\"elementor-widget-container\">\n\t\t\t\t\t<div class=\"elementor-text-editor elementor-clearfix\"><p><strong>KREATIVNIH IDEJ<\/strong><\/p><\/div>\n\t\t\t\t<\/div>\n\t\t\t\t<\/div>\n\t\t\t\t\t\t<\/div>\n\t\t\t<\/div>\n\t\t<\/div>\n\t\t\t\t\t\t<\/div>\n\t\t\t<\/div>\n\t\t<\/section>\n\t\t\t\t<div class=\"elementor-element elementor-element-48cdc33 elementor-widget elementor-widget-image\" data-id=\"48cdc33\" data-element_type=\"widget\" data-widget_type=\"image.default\">\n\t\t\t\t<div class=\"elementor-widget-container\">\n\t\t\t\t\t<div class=\"elementor-image\">\n\t\t\t\t\t\t\t\t\t\t<img decoding=\"async\" src=\"https:\/\/siviljstvo-spela.si\/spelademo\/wp-content\/uploads\/elementor\/thumbs\/pasica-modno-siviljstvo-spela-zasito-z-ljubeznijo-qdbvm5osdypcxbhwz5w5hkpjnd819i9yyjhmhulqrw.png\" title=\"pasica-modno-siviljstvo-spela-zasito-z-ljubeznijo\" alt=\"pasica-modno-siviljstvo-spela-zasito-z-ljubeznijo\" \/>\t\t\t\t\t\t\t\t\t\t\t<\/div>\n\t\t\t\t<\/div>\n\t\t\t\t<\/div>\n\t\t\t\t\t\t<\/div>\n\t\t\t<\/div>\n\t\t<\/div>\n\t\t\t\t\t\t<\/div>\n\t\t\t<\/div>\n\t\t<\/section>\n\t\t\t\t<section class=\"elementor-element elementor-element-0787be3 elementor-section-boxed elementor-section-height-default elementor-section-height-default elementor-section elementor-top-section\" data-id=\"0787be3\" data-element_type=\"section\" data-settings=\"{&quot;background_background&quot;:&quot;classic&quot;}\">\n\t\t\t\t\t\t<div class=\"elementor-container elementor-column-gap-default\">\n\t\t\t\t<div class=\"elementor-row\">\n\t\t\t\t<div class=\"elementor-element elementor-element-b13c37c elementor-column elementor-col-100 elementor-top-column\" data-id=\"b13c37c\" data-element_type=\"column\">\n\t\t\t<div class=\"elementor-column-wrap  elementor-element-populated\">\n\t\t\t\t\t<div class=\"elementor-widget-wrap\">\n\t\t\t\t<div class=\"elementor-element elementor-element-b8dca7a elementor-widget elementor-widget-heading\" data-id=\"b8dca7a\" data-element_type=\"widget\" data-widget_type=\"heading.default\">\n\t\t\t\t<div class=\"elementor-widget-container\">\n\t\t\t<h2 class=\"elementor-heading-title elementor-size-default\"><b>PONEDELJEK, SREDA in \u010cETRTKEK<\/b> od 12.00 do 18.00 ure, ter <b>TOREK in PETEK<\/b> od 8.00 do 14.00 ure. <\/h2>\t\t<\/div>\n\t\t\t\t<\/div>\n\t\t\t\t\t\t<\/div>\n\t\t\t<\/div>\n\t\t<\/div>\n\t\t\t\t\t\t<\/div>\n\t\t\t<\/div>\n\t\t<\/section>\n\t\t\t\t\t\t<\/div>\n\t\t\t<\/div>\n\t\t<\/div>\n\t\t","protected":false},"excerpt":{"rendered":"<p>GDPR &#038; splo\u0161ni pogoji Splo\u0161ni pogoji spletne trgovine in spletnih strani MODNO \u0160IVILJSTVO \u0160PELA (v nadaljevanju splo\u0161ni pogoji) so sestavljeni v skladu z Zakonom o varstvu potro\u0161nikov (ZVPot), Zakonom o varstvu osebnih podatkov (ZVOP-1), Splo\u0161ne uredbe o varstvu osebnih podatkov (GDPR), Zakonom o elektronskih komunikacijah (ZEKom-1), Zakonom o elektronskem poslovanju na trgu ter Zakonom o [&hellip;]<\/p>\n","protected":false},"author":1,"featured_media":30,"parent":0,"menu_order":0,"comment_status":"closed","ping_status":"closed","template":"elementor_header_footer","meta":{"bgseo_title":"Kontakt - \u0161ivanje po meri, popravila v enem dnevu | Modno \u0161iviljstvo \u0160pela","bgseo_description":"Sve\u010dane obleke (matura, valeta), \u017eenski kostimi in mo\u0161ke obleke po meri, poro\u010dne obleke, \u0161ivanje po meri, ... Metrsko blago, popravila v enem dnevu.\r\nKontakt: 031 208 124 (\u0160pela). Modno \u0161iviljstvo \u0160pela, Smledni\u0161ka cesta 62 A, Kranj","bgseo_robots_index":"index","bgseo_robots_follow":"follow","footnotes":""},"class_list":["post-327","page","type-page","status-publish","has-post-thumbnail","hentry"],"_links":{"self":[{"href":"https:\/\/siviljstvo-spela.si\/spelademo\/wp-json\/wp\/v2\/pages\/327","targetHints":{"allow":["GET"]}}],"collection":[{"href":"https:\/\/siviljstvo-spela.si\/spelademo\/wp-json\/wp\/v2\/pages"}],"about":[{"href":"https:\/\/siviljstvo-spela.si\/spelademo\/wp-json\/wp\/v2\/types\/page"}],"author":[{"embeddable":true,"href":"https:\/\/siviljstvo-spela.si\/spelademo\/wp-json\/wp\/v2\/users\/1"}],"replies":[{"embeddable":true,"href":"https:\/\/siviljstvo-spela.si\/spelademo\/wp-json\/wp\/v2\/comments?post=327"}],"version-history":[{"count":4,"href":"https:\/\/siviljstvo-spela.si\/spelademo\/wp-json\/wp\/v2\/pages\/327\/revisions"}],"predecessor-version":[{"id":333,"href":"https:\/\/siviljstvo-spela.si\/spelademo\/wp-json\/wp\/v2\/pages\/327\/revisions\/333"}],"wp:featuredmedia":[{"embeddable":true,"href":"https:\/\/siviljstvo-spela.si\/spelademo\/wp-json\/wp\/v2\/media\/30"}],"wp:attachment":[{"href":"https:\/\/siviljstvo-spela.si\/spelademo\/wp-json\/wp\/v2\/media?parent=327"}],"curies":[{"name":"wp","href":"https:\/\/api.w.org\/{rel}","templated":true}]}}