{"id":214,"date":"2023-10-03T19:39:06","date_gmt":"2023-10-03T19:39:06","guid":{"rendered":"https:\/\/siviljstvo-spela.si\/spelademo\/?page_id=214"},"modified":"2023-10-03T19:45:38","modified_gmt":"2023-10-03T19:45:38","slug":"blog","status":"publish","type":"page","link":"https:\/\/siviljstvo-spela.si\/spelademo\/blog\/","title":{"rendered":"Blog &#8211; Popravila v enem dnevu, \u0161ivanje po meri | Modno \u0161iviljtvo \u0160pela"},"content":{"rendered":"\t\t<div data-elementor-type=\"wp-page\" data-elementor-id=\"214\" class=\"elementor elementor-214\" data-elementor-settings=\"[]\">\n\t\t\t<div class=\"elementor-inner\">\n\t\t\t\t<div class=\"elementor-section-wrap\">\n\t\t\t\t\t\t\t<section class=\"elementor-element elementor-element-8252a26 elementor-section-boxed elementor-section-height-default elementor-section-height-default elementor-section elementor-top-section\" data-id=\"8252a26\" data-element_type=\"section\" data-settings=\"{&quot;background_background&quot;:&quot;classic&quot;}\">\n\t\t\t\t\t\t<div class=\"elementor-container elementor-column-gap-default\">\n\t\t\t\t<div class=\"elementor-row\">\n\t\t\t\t<div class=\"elementor-element elementor-element-5c4cfc6 elementor-column elementor-col-100 elementor-top-column\" data-id=\"5c4cfc6\" data-element_type=\"column\">\n\t\t\t<div class=\"elementor-column-wrap  elementor-element-populated\">\n\t\t\t\t\t<div class=\"elementor-widget-wrap\">\n\t\t\t\t<section class=\"elementor-element elementor-element-bd2b86d elementor-section-boxed elementor-section-height-default elementor-section-height-default elementor-section elementor-inner-section\" data-id=\"bd2b86d\" data-element_type=\"section\">\n\t\t\t\t\t\t<div class=\"elementor-container elementor-column-gap-default\">\n\t\t\t\t<div class=\"elementor-row\">\n\t\t\t\t<div class=\"elementor-element elementor-element-16e4b25 elementor-column elementor-col-100 elementor-inner-column\" data-id=\"16e4b25\" data-element_type=\"column\">\n\t\t\t<div class=\"elementor-column-wrap  elementor-element-populated\">\n\t\t\t\t\t<div class=\"elementor-widget-wrap\">\n\t\t\t\t<div class=\"elementor-element elementor-element-1c1b17e elementor-widget elementor-widget-heading\" data-id=\"1c1b17e\" data-element_type=\"widget\" data-widget_type=\"heading.default\">\n\t\t\t\t<div class=\"elementor-widget-container\">\n\t\t\t<h2 class=\"elementor-heading-title elementor-size-default\">\u0160iviljski koti\u010dek za kreativne du\u0161e<\/h2>\t\t<\/div>\n\t\t\t\t<\/div>\n\t\t\t\t<div class=\"elementor-element elementor-element-6c268ac elementor-widget elementor-widget-text-editor\" data-id=\"6c268ac\" data-element_type=\"widget\" data-widget_type=\"text-editor.default\">\n\t\t\t\t<div class=\"elementor-widget-container\">\n\t\t\t\t\t<div class=\"elementor-text-editor elementor-clearfix\"><p>Vas zanimajo<strong> aktualne novice in novosti iz sveta \u0161ivanja?<\/strong><br \/>Prijavite se na <strong>na\u0161e e-novi\u010dke. <\/strong><\/p><\/div>\n\t\t\t\t<\/div>\n\t\t\t\t<\/div>\n\t\t\t\t\t\t<\/div>\n\t\t\t<\/div>\n\t\t<\/div>\n\t\t\t\t\t\t<\/div>\n\t\t\t<\/div>\n\t\t<\/section>\n\t\t\t\t<section class=\"elementor-element elementor-element-450717e elementor-section-boxed elementor-section-height-default elementor-section-height-default elementor-section elementor-inner-section\" data-id=\"450717e\" data-element_type=\"section\">\n\t\t\t\t\t\t<div class=\"elementor-container elementor-column-gap-default\">\n\t\t\t\t<div class=\"elementor-row\">\n\t\t\t\t<div class=\"elementor-element elementor-element-2b9e89a elementor-column elementor-col-50 elementor-inner-column\" data-id=\"2b9e89a\" data-element_type=\"column\">\n\t\t\t<div class=\"elementor-column-wrap  elementor-element-populated\">\n\t\t\t\t\t<div class=\"elementor-widget-wrap\">\n\t\t\t\t<div class=\"elementor-element elementor-element-c068501 elementor-widget elementor-widget-image\" data-id=\"c068501\" data-element_type=\"widget\" data-widget_type=\"image.default\">\n\t\t\t\t<div class=\"elementor-widget-container\">\n\t\t\t\t\t<div class=\"elementor-image\">\n\t\t\t\t\t\t\t\t\t\t\t<a href=\"https:\/\/siviljstvo-spela.si\/spelademo\/blog\/2020\/07\/09\/prevleka-za-blazino\/\">\n\t\t\t\t\t\t\t<img loading=\"lazy\" decoding=\"async\" width=\"580\" height=\"218\" src=\"https:\/\/siviljstvo-spela.si\/spelademo\/wp-content\/uploads\/2020\/07\/blog-slika-prispevek-4.jpg\" class=\"elementor-animation-shrink attachment-large size-large\" alt=\"blog-slika-prispevek-4\" srcset=\"https:\/\/siviljstvo-spela.si\/spelademo\/wp-content\/uploads\/2020\/07\/blog-slika-prispevek-4.jpg 800w, https:\/\/siviljstvo-spela.si\/spelademo\/wp-content\/uploads\/2020\/07\/blog-slika-prispevek-4-300x113.jpg 300w, https:\/\/siviljstvo-spela.si\/spelademo\/wp-content\/uploads\/2020\/07\/blog-slika-prispevek-4-768x288.jpg 768w\" sizes=\"auto, (max-width: 580px) 100vw, 580px\" \/>\t\t\t\t\t\t\t\t<\/a>\n\t\t\t\t\t\t\t\t\t\t\t<\/div>\n\t\t\t\t<\/div>\n\t\t\t\t<\/div>\n\t\t\t\t<div class=\"elementor-element elementor-element-d19bccc elementor-widget elementor-widget-text-editor\" data-id=\"d19bccc\" data-element_type=\"widget\" data-widget_type=\"text-editor.default\">\n\t\t\t\t<div class=\"elementor-widget-container\">\n\t\t\t\t\t<div class=\"elementor-text-editor elementor-clearfix\"><p><b>\u0160IVAJMO SKUPAJ:<\/b><br \/>PREVLEKA ZA BLAZINO V 10 MINUTAH<\/p><\/div>\n\t\t\t\t<\/div>\n\t\t\t\t<\/div>\n\t\t\t\t<div class=\"elementor-element elementor-element-7d6dc29 elementor-widget elementor-widget-text-editor\" data-id=\"7d6dc29\" data-element_type=\"widget\" data-widget_type=\"text-editor.default\">\n\t\t\t\t<div class=\"elementor-widget-container\">\n\t\t\t\t\t<div class=\"elementor-text-editor elementor-clearfix\"><p><strong>Popolnoma preprost projekt za za\u010detnike in vse, ki si ob\u010dasno \u017eelite zaposliti roke z ne\u010dim hitrim in zabavnim.<\/strong>\u00a0Najbolj\u0161i del tega izdelka? Izdelava vam bo vzela le 10 minut!<\/p><\/div>\n\t\t\t\t<\/div>\n\t\t\t\t<\/div>\n\t\t\t\t<div class=\"elementor-element elementor-element-57cd691 elementor-align-center elementor-widget elementor-widget-button\" data-id=\"57cd691\" data-element_type=\"widget\" data-widget_type=\"button.default\">\n\t\t\t\t<div class=\"elementor-widget-container\">\n\t\t\t\t\t<div class=\"elementor-button-wrapper\">\n\t\t\t<a href=\"https:\/\/siviljstvo-spela.si\/spelademo\/blog\/2020\/07\/09\/prevleka-za-blazino\/\" class=\"elementor-button-link elementor-button elementor-size-md\" role=\"button\">\n\t\t\t\t\t\t<span class=\"elementor-button-content-wrapper\">\n\t\t\t\t\t\t<span class=\"elementor-button-text\">PREBERI VE\u010c<\/span>\n\t\t<\/span>\n\t\t\t\t\t<\/a>\n\t\t<\/div>\n\t\t\t\t<\/div>\n\t\t\t\t<\/div>\n\t\t\t\t\t\t<\/div>\n\t\t\t<\/div>\n\t\t<\/div>\n\t\t\t\t<div class=\"elementor-element elementor-element-509e3aa elementor-column elementor-col-50 elementor-inner-column\" data-id=\"509e3aa\" data-element_type=\"column\">\n\t\t\t<div class=\"elementor-column-wrap  elementor-element-populated\">\n\t\t\t\t\t<div class=\"elementor-widget-wrap\">\n\t\t\t\t<div class=\"elementor-element elementor-element-9f8c9ea elementor-widget elementor-widget-image\" data-id=\"9f8c9ea\" data-element_type=\"widget\" data-widget_type=\"image.default\">\n\t\t\t\t<div class=\"elementor-widget-container\">\n\t\t\t\t\t<div class=\"elementor-image\">\n\t\t\t\t\t\t\t\t\t\t\t<a href=\"https:\/\/siviljstvo-spela.si\/spelademo\/blog\/2020\/07\/09\/pralna-zacitna-maska-za-obraz\/\">\n\t\t\t\t\t\t\t<img loading=\"lazy\" decoding=\"async\" width=\"580\" height=\"218\" src=\"https:\/\/siviljstvo-spela.si\/spelademo\/wp-content\/uploads\/2020\/07\/blog-slika-prispevek-5.jpg\" class=\"elementor-animation-shrink attachment-large size-large\" alt=\"blog-slika-prispevek-5\" srcset=\"https:\/\/siviljstvo-spela.si\/spelademo\/wp-content\/uploads\/2020\/07\/blog-slika-prispevek-5.jpg 800w, https:\/\/siviljstvo-spela.si\/spelademo\/wp-content\/uploads\/2020\/07\/blog-slika-prispevek-5-300x113.jpg 300w, https:\/\/siviljstvo-spela.si\/spelademo\/wp-content\/uploads\/2020\/07\/blog-slika-prispevek-5-768x288.jpg 768w\" sizes=\"auto, (max-width: 580px) 100vw, 580px\" \/>\t\t\t\t\t\t\t\t<\/a>\n\t\t\t\t\t\t\t\t\t\t\t<\/div>\n\t\t\t\t<\/div>\n\t\t\t\t<\/div>\n\t\t\t\t<div class=\"elementor-element elementor-element-85f7409 elementor-widget elementor-widget-text-editor\" data-id=\"85f7409\" data-element_type=\"widget\" data-widget_type=\"text-editor.default\">\n\t\t\t\t<div class=\"elementor-widget-container\">\n\t\t\t\t\t<div class=\"elementor-text-editor elementor-clearfix\"><p><b>PRALNA ZA\u0160\u010cITNA MASKA ZA OBRAZ<\/b><br \/>NA VOLJO TUDI PRI NAS<\/p><\/div>\n\t\t\t\t<\/div>\n\t\t\t\t<\/div>\n\t\t\t\t<div class=\"elementor-element elementor-element-a845db6 elementor-widget elementor-widget-text-editor\" data-id=\"a845db6\" data-element_type=\"widget\" data-widget_type=\"text-editor.default\">\n\t\t\t\t<div class=\"elementor-widget-container\">\n\t\t\t\t\t<div class=\"elementor-text-editor elementor-clearfix\"><p>Zaloge kirur\u0161kih mask so hitro po\u0161le, zato je marsikdo zavihal rokave in se sam lotil izdelovanja pralnih za\u0161\u010ditnih mask. <strong>Tudi v na\u0161em \u0161iviljstvu so bile pralne za\u0161\u010ditne maske na voljo, in to s certifikatom!<\/strong><\/p><\/div>\n\t\t\t\t<\/div>\n\t\t\t\t<\/div>\n\t\t\t\t<div class=\"elementor-element elementor-element-fefb7da elementor-align-center elementor-widget elementor-widget-button\" data-id=\"fefb7da\" data-element_type=\"widget\" data-widget_type=\"button.default\">\n\t\t\t\t<div class=\"elementor-widget-container\">\n\t\t\t\t\t<div class=\"elementor-button-wrapper\">\n\t\t\t<a href=\"https:\/\/siviljstvo-spela.si\/spelademo\/blog\/2020\/07\/09\/pralna-zacitna-maska-za-obraz\/\" class=\"elementor-button-link elementor-button elementor-size-md\" role=\"button\">\n\t\t\t\t\t\t<span class=\"elementor-button-content-wrapper\">\n\t\t\t\t\t\t<span class=\"elementor-button-text\">PREBERI VE\u010c<\/span>\n\t\t<\/span>\n\t\t\t\t\t<\/a>\n\t\t<\/div>\n\t\t\t\t<\/div>\n\t\t\t\t<\/div>\n\t\t\t\t\t\t<\/div>\n\t\t\t<\/div>\n\t\t<\/div>\n\t\t\t\t\t\t<\/div>\n\t\t\t<\/div>\n\t\t<\/section>\n\t\t\t\t<section class=\"elementor-element elementor-element-c49d400 elementor-section-boxed elementor-section-height-default elementor-section-height-default elementor-section elementor-inner-section\" data-id=\"c49d400\" data-element_type=\"section\">\n\t\t\t\t\t\t<div class=\"elementor-container elementor-column-gap-default\">\n\t\t\t\t<div class=\"elementor-row\">\n\t\t\t\t<div class=\"elementor-element elementor-element-67f9914 elementor-column elementor-col-50 elementor-inner-column\" data-id=\"67f9914\" data-element_type=\"column\">\n\t\t\t<div class=\"elementor-column-wrap  elementor-element-populated\">\n\t\t\t\t\t<div class=\"elementor-widget-wrap\">\n\t\t\t\t<div class=\"elementor-element elementor-element-4eafd9d elementor-widget elementor-widget-image\" data-id=\"4eafd9d\" data-element_type=\"widget\" data-widget_type=\"image.default\">\n\t\t\t\t<div class=\"elementor-widget-container\">\n\t\t\t\t\t<div class=\"elementor-image\">\n\t\t\t\t\t\t\t\t\t\t\t<a href=\"https:\/\/siviljstvo-spela.si\/spelademo\/blog\/2020\/07\/08\/vse-o-umetnih-vlaknih\/\">\n\t\t\t\t\t\t\t<img loading=\"lazy\" decoding=\"async\" width=\"580\" height=\"218\" src=\"https:\/\/siviljstvo-spela.si\/spelademo\/wp-content\/uploads\/2020\/07\/blog-slika-prispevek-1.jpg\" class=\"elementor-animation-shrink attachment-large size-large\" alt=\"blog-slika-prispevek-1\" srcset=\"https:\/\/siviljstvo-spela.si\/spelademo\/wp-content\/uploads\/2020\/07\/blog-slika-prispevek-1.jpg 800w, https:\/\/siviljstvo-spela.si\/spelademo\/wp-content\/uploads\/2020\/07\/blog-slika-prispevek-1-300x113.jpg 300w, https:\/\/siviljstvo-spela.si\/spelademo\/wp-content\/uploads\/2020\/07\/blog-slika-prispevek-1-768x288.jpg 768w\" sizes=\"auto, (max-width: 580px) 100vw, 580px\" \/>\t\t\t\t\t\t\t\t<\/a>\n\t\t\t\t\t\t\t\t\t\t\t<\/div>\n\t\t\t\t<\/div>\n\t\t\t\t<\/div>\n\t\t\t\t<div class=\"elementor-element elementor-element-4f0a52c elementor-widget elementor-widget-text-editor\" data-id=\"4f0a52c\" data-element_type=\"widget\" data-widget_type=\"text-editor.default\">\n\t\t\t\t<div class=\"elementor-widget-container\">\n\t\t\t\t\t<div class=\"elementor-text-editor elementor-clearfix\"><p><b>SESTAVA BLAGA:<\/b><br \/>VSE O UMETNIH VLAKNIH<\/p><\/div>\n\t\t\t\t<\/div>\n\t\t\t\t<\/div>\n\t\t\t\t<div class=\"elementor-element elementor-element-eb6363d elementor-widget elementor-widget-text-editor\" data-id=\"eb6363d\" data-element_type=\"widget\" data-widget_type=\"text-editor.default\">\n\t\t\t\t<div class=\"elementor-widget-container\">\n\t\t\t\t\t<div class=\"elementor-text-editor elementor-clearfix\"><p>Prepri\u010danje, da so vsa umetna vlakna slaba in vsa naravna vlakna dobra, je napa\u010dno, saj je <strong>kakovost vlakna odvisna od razli\u010dnih faktorjev.<\/strong><\/p><\/div>\n\t\t\t\t<\/div>\n\t\t\t\t<\/div>\n\t\t\t\t<div class=\"elementor-element elementor-element-8ad16c5 elementor-align-center elementor-widget elementor-widget-button\" data-id=\"8ad16c5\" data-element_type=\"widget\" data-widget_type=\"button.default\">\n\t\t\t\t<div class=\"elementor-widget-container\">\n\t\t\t\t\t<div class=\"elementor-button-wrapper\">\n\t\t\t<a href=\"https:\/\/siviljstvo-spela.si\/spelademo\/blog\/2020\/07\/08\/vse-o-umetnih-vlaknih\/\" class=\"elementor-button-link elementor-button elementor-size-md\" role=\"button\">\n\t\t\t\t\t\t<span class=\"elementor-button-content-wrapper\">\n\t\t\t\t\t\t<span class=\"elementor-button-text\">PREBERI VE\u010c<\/span>\n\t\t<\/span>\n\t\t\t\t\t<\/a>\n\t\t<\/div>\n\t\t\t\t<\/div>\n\t\t\t\t<\/div>\n\t\t\t\t\t\t<\/div>\n\t\t\t<\/div>\n\t\t<\/div>\n\t\t\t\t<div class=\"elementor-element elementor-element-86bba89 elementor-column elementor-col-50 elementor-inner-column\" data-id=\"86bba89\" data-element_type=\"column\">\n\t\t\t<div class=\"elementor-column-wrap\">\n\t\t\t\t\t<div class=\"elementor-widget-wrap\">\n\t\t\t\t\t\t<\/div>\n\t\t\t<\/div>\n\t\t<\/div>\n\t\t\t\t\t\t<\/div>\n\t\t\t<\/div>\n\t\t<\/section>\n\t\t\t\t\t\t<\/div>\n\t\t\t<\/div>\n\t\t<\/div>\n\t\t\t\t\t\t<\/div>\n\t\t\t<\/div>\n\t\t<\/section>\n\t\t\t\t<section class=\"elementor-element elementor-element-2349437 elementor-section-boxed elementor-section-height-default elementor-section-height-default elementor-section elementor-top-section\" data-id=\"2349437\" data-element_type=\"section\" data-settings=\"{&quot;background_background&quot;:&quot;classic&quot;}\">\n\t\t\t\t\t\t<div class=\"elementor-container elementor-column-gap-default\">\n\t\t\t\t<div class=\"elementor-row\">\n\t\t\t\t<div class=\"elementor-element elementor-element-425c206 elementor-column elementor-col-100 elementor-top-column\" data-id=\"425c206\" data-element_type=\"column\">\n\t\t\t<div class=\"elementor-column-wrap  elementor-element-populated\">\n\t\t\t\t\t<div class=\"elementor-widget-wrap\">\n\t\t\t\t<section class=\"elementor-element elementor-element-404caa4 elementor-section-boxed elementor-section-height-default elementor-section-height-default elementor-section elementor-inner-section\" data-id=\"404caa4\" data-element_type=\"section\">\n\t\t\t\t\t\t<div class=\"elementor-container elementor-column-gap-default\">\n\t\t\t\t<div class=\"elementor-row\">\n\t\t\t\t<div class=\"elementor-element elementor-element-9362b52 elementor-column elementor-col-33 elementor-inner-column\" data-id=\"9362b52\" data-element_type=\"column\">\n\t\t\t<div class=\"elementor-column-wrap  elementor-element-populated\">\n\t\t\t\t\t<div class=\"elementor-widget-wrap\">\n\t\t\t\t<div class=\"elementor-element elementor-element-714f934 elementor-widget elementor-widget-heading\" data-id=\"714f934\" data-element_type=\"widget\" data-widget_type=\"heading.default\">\n\t\t\t\t<div class=\"elementor-widget-container\">\n\t\t\t<h2 class=\"elementor-heading-title elementor-size-default\">500+<\/h2>\t\t<\/div>\n\t\t\t\t<\/div>\n\t\t\t\t<div class=\"elementor-element elementor-element-381c25b elementor-widget elementor-widget-text-editor\" data-id=\"381c25b\" data-element_type=\"widget\" data-widget_type=\"text-editor.default\">\n\t\t\t\t<div class=\"elementor-widget-container\">\n\t\t\t\t\t<div class=\"elementor-text-editor elementor-clearfix\"><p><strong>ZADOVOLJNIH STRANK<\/strong><\/p><\/div>\n\t\t\t\t<\/div>\n\t\t\t\t<\/div>\n\t\t\t\t\t\t<\/div>\n\t\t\t<\/div>\n\t\t<\/div>\n\t\t\t\t<div class=\"elementor-element elementor-element-73a6d47 elementor-column elementor-col-33 elementor-inner-column\" data-id=\"73a6d47\" data-element_type=\"column\">\n\t\t\t<div class=\"elementor-column-wrap  elementor-element-populated\">\n\t\t\t\t\t<div class=\"elementor-widget-wrap\">\n\t\t\t\t<div class=\"elementor-element elementor-element-70867a7 elementor-widget elementor-widget-heading\" data-id=\"70867a7\" data-element_type=\"widget\" data-widget_type=\"heading.default\">\n\t\t\t\t<div class=\"elementor-widget-container\">\n\t\t\t<h2 class=\"elementor-heading-title elementor-size-default\">20+<\/h2>\t\t<\/div>\n\t\t\t\t<\/div>\n\t\t\t\t<div class=\"elementor-element elementor-element-b57f6b6 elementor-widget elementor-widget-text-editor\" data-id=\"b57f6b6\" data-element_type=\"widget\" data-widget_type=\"text-editor.default\">\n\t\t\t\t<div class=\"elementor-widget-container\">\n\t\t\t\t\t<div class=\"elementor-text-editor elementor-clearfix\"><p><strong>LET TRADICIJE<\/strong><\/p><\/div>\n\t\t\t\t<\/div>\n\t\t\t\t<\/div>\n\t\t\t\t\t\t<\/div>\n\t\t\t<\/div>\n\t\t<\/div>\n\t\t\t\t<div class=\"elementor-element elementor-element-b82bc6f elementor-column elementor-col-33 elementor-inner-column\" data-id=\"b82bc6f\" data-element_type=\"column\">\n\t\t\t<div class=\"elementor-column-wrap  elementor-element-populated\">\n\t\t\t\t\t<div class=\"elementor-widget-wrap\">\n\t\t\t\t<div class=\"elementor-element elementor-element-6a10a6c elementor-widget elementor-widget-heading\" data-id=\"6a10a6c\" data-element_type=\"widget\" data-widget_type=\"heading.default\">\n\t\t\t\t<div class=\"elementor-widget-container\">\n\t\t\t<h2 class=\"elementor-heading-title elementor-size-default\">75+<\/h2>\t\t<\/div>\n\t\t\t\t<\/div>\n\t\t\t\t<div class=\"elementor-element elementor-element-14d9698 elementor-widget elementor-widget-text-editor\" data-id=\"14d9698\" data-element_type=\"widget\" data-widget_type=\"text-editor.default\">\n\t\t\t\t<div class=\"elementor-widget-container\">\n\t\t\t\t\t<div class=\"elementor-text-editor elementor-clearfix\"><p><strong>KREATIVNIH IDEJ<\/strong><\/p><\/div>\n\t\t\t\t<\/div>\n\t\t\t\t<\/div>\n\t\t\t\t\t\t<\/div>\n\t\t\t<\/div>\n\t\t<\/div>\n\t\t\t\t\t\t<\/div>\n\t\t\t<\/div>\n\t\t<\/section>\n\t\t\t\t<div class=\"elementor-element elementor-element-1614b8d elementor-widget elementor-widget-image\" data-id=\"1614b8d\" data-element_type=\"widget\" data-widget_type=\"image.default\">\n\t\t\t\t<div class=\"elementor-widget-container\">\n\t\t\t\t\t<div class=\"elementor-image\">\n\t\t\t\t\t\t\t\t\t\t<img decoding=\"async\" src=\"https:\/\/siviljstvo-spela.si\/spelademo\/wp-content\/uploads\/elementor\/thumbs\/pasica-modno-siviljstvo-spela-zasito-z-ljubeznijo-qdbvm5osdypcxbhwz5w5hkpjnd819i9yyjhmhulqrw.png\" title=\"pasica-modno-siviljstvo-spela-zasito-z-ljubeznijo\" alt=\"pasica-modno-siviljstvo-spela-zasito-z-ljubeznijo\" \/>\t\t\t\t\t\t\t\t\t\t\t<\/div>\n\t\t\t\t<\/div>\n\t\t\t\t<\/div>\n\t\t\t\t<div class=\"elementor-element elementor-element-cb3322d elementor-widget elementor-widget-text-editor\" data-id=\"cb3322d\" data-element_type=\"widget\" data-widget_type=\"text-editor.default\">\n\t\t\t\t<div class=\"elementor-widget-container\">\n\t\t\t\t\t<div class=\"elementor-text-editor elementor-clearfix\"><p>Prijavite se na <strong>na\u0161e e-novi\u010dke.<\/strong><br \/>Brez skrbi, ne bomo vas spam-ali, <strong>oglasili se bomo le z uporabnimi nasveti in aktualnimi akcijami.<\/strong><\/p><\/div>\n\t\t\t\t<\/div>\n\t\t\t\t<\/div>\n\t\t\t\t<div class=\"elementor-element elementor-element-c3ee3be elementor-widget elementor-widget-text-editor\" data-id=\"c3ee3be\" data-element_type=\"widget\" data-widget_type=\"text-editor.default\">\n\t\t\t\t<div class=\"elementor-widget-container\">\n\t\t\t\t\t<div class=\"elementor-text-editor elementor-clearfix\"><div class=\"wpforms-container wpforms-container-full\" id=\"wpforms-76\"><form id=\"wpforms-form-76\" class=\"wpforms-validate wpforms-form\" data-formid=\"76\" method=\"post\" enctype=\"multipart\/form-data\" action=\"\/spelademo\/wp-json\/wp\/v2\/pages\/214#wpforms-76\"><div class=\"wpforms-field-container\"><div id=\"wpforms-76-field_0-container\" class=\"wpforms-field wpforms-field-name wpforms-one-half wpforms-first\" data-field-id=\"0\"><label class=\"wpforms-field-label wpforms-label-hide\" for=\"wpforms-76-field_0\">Va\u0161e ime <span class=\"wpforms-required-label\">*<\/span><\/label><input type=\"text\" id=\"wpforms-76-field_0\" class=\"wpforms-field-large wpforms-field-required\" name=\"wpforms[fields][0]\" placeholder=\"Va\u0161e ime\" required><\/div><div id=\"wpforms-76-field_1-container\" class=\"wpforms-field wpforms-field-email wpforms-one-half\" data-field-id=\"1\"><label class=\"wpforms-field-label wpforms-label-hide\" for=\"wpforms-76-field_1\">Va\u0161 e-mail naslov <span class=\"wpforms-required-label\">*<\/span><\/label><input type=\"email\" id=\"wpforms-76-field_1\" class=\"wpforms-field-large wpforms-field-required\" name=\"wpforms[fields][1]\" placeholder=\"Va\u0161 e-mail naslov\" required><\/div><div id=\"wpforms-76-field_3-container\" class=\"wpforms-field wpforms-field-textarea\" data-field-id=\"3\"><textarea id=\"wpforms-76-field_3\" class=\"wpforms-field-medium\" name=\"wpforms[fields][3]\" placeholder=\"Va\u0161e sporo\u010dilo ...\" ><\/textarea><\/div><div id=\"wpforms-76-field_2-container\" class=\"wpforms-field wpforms-field-checkbox\" data-field-id=\"2\"><label class=\"wpforms-field-label wpforms-label-hide\" for=\"wpforms-76-field_2\">Splo\u0161ni pogoji in GDPR <span class=\"wpforms-required-label\">*<\/span><\/label><ul id=\"wpforms-76-field_2\" class=\"wpforms-field-required\"><li class=\"choice-1 depth-1\"><input type=\"checkbox\" id=\"wpforms-76-field_2_1\" name=\"wpforms[fields][2][]\" value=\"\u017delim, da me kontaktirate v najkraj\u0161em mo\u017enem \u010dasu, ter se strinjam s &lt;a hef=&quot;https:\/\/siviljstvo-spela.si\/spelademo\/gdpr-splosni-pogoji\/&quot; style=&quot;color: #2C1120; font-weight: 600;&quot;&gt;splo\u0161nimi pogoji.&lt;\/a&gt;\" required ><label class=\"wpforms-field-label-inline\" for=\"wpforms-76-field_2_1\">\u017delim, da me kontaktirate v najkraj\u0161em mo\u017enem \u010dasu, ter se strinjam s <a style=\"color: #2C1120;font-weight: 600\">splo\u0161nimi pogoji.<\/a><\/label><\/li><\/ul><\/div><\/div><div class=\"wpforms-field wpforms-field-hp\"><label for=\"wpforms-field_hp\" class=\"wpforms-field-label\">Phone<\/label><input type=\"text\" name=\"wpforms[hp]\" id=\"wpforms-field_hp\" class=\"wpforms-field-medium\"><\/div><div class=\"wpforms-submit-container\" ><input type=\"hidden\" name=\"wpforms[id]\" value=\"76\"><input type=\"hidden\" name=\"wpforms[author]\" value=\"1\"><button type=\"submit\" name=\"wpforms[submit]\" class=\"wpforms-submit \" id=\"wpforms-submit-76\" value=\"wpforms-submit\" data-alt-text=\"Po\u0161iljanje ...\">POTRDI PODATKE<\/button><\/div><\/form><\/div><\/div>\n\t\t\t\t<\/div>\n\t\t\t\t<\/div>\n\t\t\t\t\t\t<\/div>\n\t\t\t<\/div>\n\t\t<\/div>\n\t\t\t\t\t\t<\/div>\n\t\t\t<\/div>\n\t\t<\/section>\n\t\t\t\t<section class=\"elementor-element elementor-element-10913ea elementor-section-boxed elementor-section-height-default elementor-section-height-default elementor-section elementor-top-section\" data-id=\"10913ea\" data-element_type=\"section\" data-settings=\"{&quot;background_background&quot;:&quot;classic&quot;}\">\n\t\t\t\t\t\t<div class=\"elementor-container elementor-column-gap-default\">\n\t\t\t\t<div class=\"elementor-row\">\n\t\t\t\t<div class=\"elementor-element elementor-element-17f976a elementor-column elementor-col-100 elementor-top-column\" data-id=\"17f976a\" data-element_type=\"column\">\n\t\t\t<div class=\"elementor-column-wrap  elementor-element-populated\">\n\t\t\t\t\t<div class=\"elementor-widget-wrap\">\n\t\t\t\t<div class=\"elementor-element elementor-element-661b84c elementor-widget elementor-widget-heading\" data-id=\"661b84c\" data-element_type=\"widget\" data-widget_type=\"heading.default\">\n\t\t\t\t<div class=\"elementor-widget-container\">\n\t\t\t<h2 class=\"elementor-heading-title elementor-size-default\"><b>PONEDELJEK, SREDA in \u010cETRTKEK<\/b> od 12.00 do 18.00 ure, ter <b>TOREK in PETEK<\/b> od 8.00 do 14.00 ure. <\/h2>\t\t<\/div>\n\t\t\t\t<\/div>\n\t\t\t\t\t\t<\/div>\n\t\t\t<\/div>\n\t\t<\/div>\n\t\t\t\t\t\t<\/div>\n\t\t\t<\/div>\n\t\t<\/section>\n\t\t\t\t\t\t<\/div>\n\t\t\t<\/div>\n\t\t<\/div>\n\t\t","protected":false},"excerpt":{"rendered":"<p>\u0160iviljski koti\u010dek za kreativne du\u0161e Vas zanimajo aktualne novice in novosti iz sveta \u0161ivanja?Prijavite se na na\u0161e e-novi\u010dke. \u0160IVAJMO SKUPAJ:PREVLEKA ZA BLAZINO V 10 MINUTAH Popolnoma preprost projekt za za\u010detnike in vse, ki si ob\u010dasno \u017eelite zaposliti roke z ne\u010dim hitrim in zabavnim.\u00a0Najbolj\u0161i del tega izdelka? Izdelava vam bo vzela le 10 minut! PREBERI VE\u010c [&hellip;]<\/p>\n","protected":false},"author":1,"featured_media":30,"parent":0,"menu_order":0,"comment_status":"closed","ping_status":"closed","template":"elementor_header_footer","meta":{"bgseo_title":"Blog - Popravila v enem dnevu, \u0161ivanje po meri | Modno \u0161iviljtvo \u0160pela","bgseo_description":"Sve\u010dane obleke (matura, valeta), \u017eenski kostimi in mo\u0161ke obleke po meri, poro\u010dne obleke, \u0161ivanje po meri, ... Metrsko blago, popravila v enem dnevu. Modno \u0161iviljstvo \u0160pela, Kranj","bgseo_robots_index":"index","bgseo_robots_follow":"follow","footnotes":""},"class_list":["post-214","page","type-page","status-publish","has-post-thumbnail","hentry"],"_links":{"self":[{"href":"https:\/\/siviljstvo-spela.si\/spelademo\/wp-json\/wp\/v2\/pages\/214","targetHints":{"allow":["GET"]}}],"collection":[{"href":"https:\/\/siviljstvo-spela.si\/spelademo\/wp-json\/wp\/v2\/pages"}],"about":[{"href":"https:\/\/siviljstvo-spela.si\/spelademo\/wp-json\/wp\/v2\/types\/page"}],"author":[{"embeddable":true,"href":"https:\/\/siviljstvo-spela.si\/spelademo\/wp-json\/wp\/v2\/users\/1"}],"replies":[{"embeddable":true,"href":"https:\/\/siviljstvo-spela.si\/spelademo\/wp-json\/wp\/v2\/comments?post=214"}],"version-history":[{"count":5,"href":"https:\/\/siviljstvo-spela.si\/spelademo\/wp-json\/wp\/v2\/pages\/214\/revisions"}],"predecessor-version":[{"id":219,"href":"https:\/\/siviljstvo-spela.si\/spelademo\/wp-json\/wp\/v2\/pages\/214\/revisions\/219"}],"wp:featuredmedia":[{"embeddable":true,"href":"https:\/\/siviljstvo-spela.si\/spelademo\/wp-json\/wp\/v2\/media\/30"}],"wp:attachment":[{"href":"https:\/\/siviljstvo-spela.si\/spelademo\/wp-json\/wp\/v2\/media?parent=214"}],"curies":[{"name":"wp","href":"https:\/\/api.w.org\/{rel}","templated":true}]}}