{"id":192,"date":"2023-10-03T19:13:35","date_gmt":"2023-10-03T19:13:35","guid":{"rendered":"https:\/\/siviljstvo-spela.si\/spelademo\/?page_id=192"},"modified":"2023-10-03T19:17:56","modified_gmt":"2023-10-03T19:17:56","slug":"kontakt","status":"publish","type":"page","link":"https:\/\/siviljstvo-spela.si\/spelademo\/kontakt\/","title":{"rendered":"Kontakt &#8211; Popravila v enem dnevu, \u0161ivanje po meri | Modno \u0161iviljtvo \u0160pela"},"content":{"rendered":"\t\t<div data-elementor-type=\"wp-page\" data-elementor-id=\"192\" class=\"elementor elementor-192\" data-elementor-settings=\"[]\">\n\t\t\t<div class=\"elementor-inner\">\n\t\t\t\t<div class=\"elementor-section-wrap\">\n\t\t\t\t\t\t\t<section class=\"elementor-element elementor-element-770e14bb elementor-section-full_width elementor-section-height-min-height elementor-section-items-stretch elementor-section-content-middle elementor-section-height-default elementor-section elementor-top-section\" data-id=\"770e14bb\" data-element_type=\"section\" data-settings=\"{&quot;background_background&quot;:&quot;classic&quot;}\">\n\t\t\t\t\t\t<div class=\"elementor-container elementor-column-gap-no\">\n\t\t\t\t<div class=\"elementor-row\">\n\t\t\t\t<div class=\"elementor-element elementor-element-3fb22e8c elementor-column elementor-col-50 elementor-top-column\" data-id=\"3fb22e8c\" data-element_type=\"column\" data-settings=\"{&quot;background_background&quot;:&quot;classic&quot;}\">\n\t\t\t<div class=\"elementor-column-wrap  elementor-element-populated\">\n\t\t\t\t\t<div class=\"elementor-widget-wrap\">\n\t\t\t\t<div class=\"elementor-element elementor-element-a4035ce elementor-widget elementor-widget-image\" data-id=\"a4035ce\" data-element_type=\"widget\" data-widget_type=\"image.default\">\n\t\t\t\t<div class=\"elementor-widget-container\">\n\t\t\t\t\t<div class=\"elementor-image\">\n\t\t\t\t\t\t\t\t\t\t<img loading=\"lazy\" decoding=\"async\" width=\"580\" height=\"598\" src=\"https:\/\/siviljstvo-spela.si\/spelademo\/wp-content\/uploads\/2020\/06\/modno-siviljstvo-spela-kranj-popravila-v-enem-dnevu.jpg\" class=\"attachment-large size-large\" alt=\"modno-siviljstvo-spela-kranj-popravila-v-enem-dnevu\" srcset=\"https:\/\/siviljstvo-spela.si\/spelademo\/wp-content\/uploads\/2020\/06\/modno-siviljstvo-spela-kranj-popravila-v-enem-dnevu.jpg 789w, https:\/\/siviljstvo-spela.si\/spelademo\/wp-content\/uploads\/2020\/06\/modno-siviljstvo-spela-kranj-popravila-v-enem-dnevu-291x300.jpg 291w, https:\/\/siviljstvo-spela.si\/spelademo\/wp-content\/uploads\/2020\/06\/modno-siviljstvo-spela-kranj-popravila-v-enem-dnevu-768x792.jpg 768w\" sizes=\"auto, (max-width: 580px) 100vw, 580px\" \/>\t\t\t\t\t\t\t\t\t\t\t<\/div>\n\t\t\t\t<\/div>\n\t\t\t\t<\/div>\n\t\t\t\t\t\t<\/div>\n\t\t\t<\/div>\n\t\t<\/div>\n\t\t\t\t<div class=\"elementor-element elementor-element-b6ad3ec elementor-column elementor-col-50 elementor-top-column\" data-id=\"b6ad3ec\" data-element_type=\"column\" data-settings=\"{&quot;background_background&quot;:&quot;none&quot;}\">\n\t\t\t<div class=\"elementor-column-wrap  elementor-element-populated\">\n\t\t\t\t\t<div class=\"elementor-widget-wrap\">\n\t\t\t\t<div class=\"elementor-element elementor-element-1dbf6eb elementor-widget elementor-widget-heading\" data-id=\"1dbf6eb\" data-element_type=\"widget\" data-widget_type=\"heading.default\">\n\t\t\t\t<div class=\"elementor-widget-container\">\n\t\t\t<h2 class=\"elementor-heading-title elementor-size-default\">Kdo smo?<\/h2>\t\t<\/div>\n\t\t\t\t<\/div>\n\t\t\t\t<div class=\"elementor-element elementor-element-2e3365a elementor-widget elementor-widget-text-editor\" data-id=\"2e3365a\" data-element_type=\"widget\" data-widget_type=\"text-editor.default\">\n\t\t\t\t<div class=\"elementor-widget-container\">\n\t\t\t\t\t<div class=\"elementor-text-editor elementor-clearfix\"><p><strong>Modno \u0161iviljstvo \u0160pela <\/strong>d.o.o. je \u0161iviljstvo, ki se nahaja <strong>v Kranju, na Smledni\u0161ki cesti 62a.<\/strong><\/p><p>Ukvarjamo se z <strong>vsemi vrstami \u0161iviljskih opravil<\/strong> od popravil do izdelave obla\u010dil po meri. V na\u0161em \u0161iviljstvu izdelujemo <strong>mo\u0161ke poro\u010dne in poslovne obleke po meri.<\/strong><\/p><p>Izdelujemo tudi <strong>\u017eenske kostime<\/strong> za posel in prosti \u010das. Seveda pa poleg zgoraj na\u0161tetih izdelkov izdelujemo tudi druge. <strong>\u017denske in mo\u0161ke obleke, srajce, bluze, maj\u010dke, tunike, krila, poletna krila &#8230;<\/strong> skratka vse in \u0161e ve\u010d po va\u0161ih \u017eeljah.<\/p><\/div>\n\t\t\t\t<\/div>\n\t\t\t\t<\/div>\n\t\t\t\t<div class=\"elementor-element elementor-element-b6a1960 elementor-widget elementor-widget-heading\" data-id=\"b6a1960\" data-element_type=\"widget\" data-widget_type=\"heading.default\">\n\t\t\t\t<div class=\"elementor-widget-container\">\n\t\t\t<h1 class=\"elementor-heading-title elementor-size-default\">Na\u0161a posebnost so popravila v enem dnevu.<\/h1>\t\t<\/div>\n\t\t\t\t<\/div>\n\t\t\t\t\t\t<\/div>\n\t\t\t<\/div>\n\t\t<\/div>\n\t\t\t\t\t\t<\/div>\n\t\t\t<\/div>\n\t\t<\/section>\n\t\t\t\t<section class=\"elementor-element elementor-element-1f70d47 elementor-section-boxed elementor-section-height-default elementor-section-height-default elementor-section elementor-top-section\" data-id=\"1f70d47\" data-element_type=\"section\" data-settings=\"{&quot;background_background&quot;:&quot;classic&quot;}\">\n\t\t\t\t\t\t<div class=\"elementor-container elementor-column-gap-default\">\n\t\t\t\t<div class=\"elementor-row\">\n\t\t\t\t<div class=\"elementor-element elementor-element-7ca2730 elementor-column elementor-col-100 elementor-top-column\" data-id=\"7ca2730\" data-element_type=\"column\">\n\t\t\t<div class=\"elementor-column-wrap  elementor-element-populated\">\n\t\t\t\t\t<div class=\"elementor-widget-wrap\">\n\t\t\t\t<section class=\"elementor-element elementor-element-14ba70a elementor-section-boxed elementor-section-height-default elementor-section-height-default elementor-section elementor-inner-section\" data-id=\"14ba70a\" data-element_type=\"section\">\n\t\t\t\t\t\t<div class=\"elementor-container elementor-column-gap-default\">\n\t\t\t\t<div class=\"elementor-row\">\n\t\t\t\t<div class=\"elementor-element elementor-element-a4d6863 elementor-column elementor-col-33 elementor-inner-column\" data-id=\"a4d6863\" data-element_type=\"column\">\n\t\t\t<div class=\"elementor-column-wrap  elementor-element-populated\">\n\t\t\t\t\t<div class=\"elementor-widget-wrap\">\n\t\t\t\t<div class=\"elementor-element elementor-element-c15161f elementor-widget elementor-widget-heading\" data-id=\"c15161f\" data-element_type=\"widget\" data-widget_type=\"heading.default\">\n\t\t\t\t<div class=\"elementor-widget-container\">\n\t\t\t<h2 class=\"elementor-heading-title elementor-size-default\">500+<\/h2>\t\t<\/div>\n\t\t\t\t<\/div>\n\t\t\t\t<div class=\"elementor-element elementor-element-487b3f5 elementor-widget elementor-widget-text-editor\" data-id=\"487b3f5\" data-element_type=\"widget\" data-widget_type=\"text-editor.default\">\n\t\t\t\t<div class=\"elementor-widget-container\">\n\t\t\t\t\t<div class=\"elementor-text-editor elementor-clearfix\"><p><strong>ZADOVOLJNIH STRANK<\/strong><\/p><\/div>\n\t\t\t\t<\/div>\n\t\t\t\t<\/div>\n\t\t\t\t\t\t<\/div>\n\t\t\t<\/div>\n\t\t<\/div>\n\t\t\t\t<div class=\"elementor-element elementor-element-54ff30f elementor-column elementor-col-33 elementor-inner-column\" data-id=\"54ff30f\" data-element_type=\"column\">\n\t\t\t<div class=\"elementor-column-wrap  elementor-element-populated\">\n\t\t\t\t\t<div class=\"elementor-widget-wrap\">\n\t\t\t\t<div class=\"elementor-element elementor-element-ed2fcfb elementor-widget elementor-widget-heading\" data-id=\"ed2fcfb\" data-element_type=\"widget\" data-widget_type=\"heading.default\">\n\t\t\t\t<div class=\"elementor-widget-container\">\n\t\t\t<h2 class=\"elementor-heading-title elementor-size-default\">20+<\/h2>\t\t<\/div>\n\t\t\t\t<\/div>\n\t\t\t\t<div class=\"elementor-element elementor-element-ecca82a elementor-widget elementor-widget-text-editor\" data-id=\"ecca82a\" data-element_type=\"widget\" data-widget_type=\"text-editor.default\">\n\t\t\t\t<div class=\"elementor-widget-container\">\n\t\t\t\t\t<div class=\"elementor-text-editor elementor-clearfix\"><p><strong>LET TRADICIJE<\/strong><\/p><\/div>\n\t\t\t\t<\/div>\n\t\t\t\t<\/div>\n\t\t\t\t\t\t<\/div>\n\t\t\t<\/div>\n\t\t<\/div>\n\t\t\t\t<div class=\"elementor-element elementor-element-c2fa99d elementor-column elementor-col-33 elementor-inner-column\" data-id=\"c2fa99d\" data-element_type=\"column\">\n\t\t\t<div class=\"elementor-column-wrap  elementor-element-populated\">\n\t\t\t\t\t<div class=\"elementor-widget-wrap\">\n\t\t\t\t<div class=\"elementor-element elementor-element-0014760 elementor-widget elementor-widget-heading\" data-id=\"0014760\" data-element_type=\"widget\" data-widget_type=\"heading.default\">\n\t\t\t\t<div class=\"elementor-widget-container\">\n\t\t\t<h2 class=\"elementor-heading-title elementor-size-default\">75+<\/h2>\t\t<\/div>\n\t\t\t\t<\/div>\n\t\t\t\t<div class=\"elementor-element elementor-element-f467886 elementor-widget elementor-widget-text-editor\" data-id=\"f467886\" data-element_type=\"widget\" data-widget_type=\"text-editor.default\">\n\t\t\t\t<div class=\"elementor-widget-container\">\n\t\t\t\t\t<div class=\"elementor-text-editor elementor-clearfix\"><p><strong>KREATIVNIH IDEJ<\/strong><\/p><\/div>\n\t\t\t\t<\/div>\n\t\t\t\t<\/div>\n\t\t\t\t\t\t<\/div>\n\t\t\t<\/div>\n\t\t<\/div>\n\t\t\t\t\t\t<\/div>\n\t\t\t<\/div>\n\t\t<\/section>\n\t\t\t\t<div class=\"elementor-element elementor-element-48cdc33 elementor-widget elementor-widget-image\" data-id=\"48cdc33\" data-element_type=\"widget\" data-widget_type=\"image.default\">\n\t\t\t\t<div class=\"elementor-widget-container\">\n\t\t\t\t\t<div class=\"elementor-image\">\n\t\t\t\t\t\t\t\t\t\t<img decoding=\"async\" src=\"https:\/\/siviljstvo-spela.si\/spelademo\/wp-content\/uploads\/elementor\/thumbs\/pasica-modno-siviljstvo-spela-zasito-z-ljubeznijo-qdbvm5osdypcxbhwz5w5hkpjnd819i9yyjhmhulqrw.png\" title=\"pasica-modno-siviljstvo-spela-zasito-z-ljubeznijo\" alt=\"pasica-modno-siviljstvo-spela-zasito-z-ljubeznijo\" \/>\t\t\t\t\t\t\t\t\t\t\t<\/div>\n\t\t\t\t<\/div>\n\t\t\t\t<\/div>\n\t\t\t\t\t\t<\/div>\n\t\t\t<\/div>\n\t\t<\/div>\n\t\t\t\t\t\t<\/div>\n\t\t\t<\/div>\n\t\t<\/section>\n\t\t\t\t<section class=\"elementor-element elementor-element-0787be3 elementor-section-boxed elementor-section-height-default elementor-section-height-default elementor-section elementor-top-section\" data-id=\"0787be3\" data-element_type=\"section\" data-settings=\"{&quot;background_background&quot;:&quot;classic&quot;}\">\n\t\t\t\t\t\t<div class=\"elementor-container elementor-column-gap-default\">\n\t\t\t\t<div class=\"elementor-row\">\n\t\t\t\t<div class=\"elementor-element elementor-element-b13c37c elementor-column elementor-col-100 elementor-top-column\" data-id=\"b13c37c\" data-element_type=\"column\">\n\t\t\t<div class=\"elementor-column-wrap  elementor-element-populated\">\n\t\t\t\t\t<div class=\"elementor-widget-wrap\">\n\t\t\t\t<div class=\"elementor-element elementor-element-b8dca7a elementor-widget elementor-widget-heading\" data-id=\"b8dca7a\" data-element_type=\"widget\" data-widget_type=\"heading.default\">\n\t\t\t\t<div class=\"elementor-widget-container\">\n\t\t\t<h2 class=\"elementor-heading-title elementor-size-default\"><b>PONEDELJEK, SREDA in \u010cETRTKEK<\/b> od 12.00 do 18.00 ure, ter <b>TOREK in PETEK<\/b> od 8.00 do 14.00 ure. <\/h2>\t\t<\/div>\n\t\t\t\t<\/div>\n\t\t\t\t\t\t<\/div>\n\t\t\t<\/div>\n\t\t<\/div>\n\t\t\t\t\t\t<\/div>\n\t\t\t<\/div>\n\t\t<\/section>\n\t\t\t\t<section class=\"elementor-element elementor-element-7a149a6 elementor-section-full_width elementor-section-height-min-height elementor-section-items-stretch elementor-section-content-middle elementor-section-height-default elementor-section elementor-top-section\" data-id=\"7a149a6\" data-element_type=\"section\" data-settings=\"{&quot;background_background&quot;:&quot;classic&quot;}\">\n\t\t\t\t\t\t<div class=\"elementor-container elementor-column-gap-no\">\n\t\t\t\t<div class=\"elementor-row\">\n\t\t\t\t<div class=\"elementor-element elementor-element-a43eb63 elementor-column elementor-col-50 elementor-top-column\" data-id=\"a43eb63\" data-element_type=\"column\" data-settings=\"{&quot;background_background&quot;:&quot;none&quot;}\">\n\t\t\t<div class=\"elementor-column-wrap  elementor-element-populated\">\n\t\t\t\t\t<div class=\"elementor-widget-wrap\">\n\t\t\t\t<div class=\"elementor-element elementor-element-876a968 elementor-widget elementor-widget-heading\" data-id=\"876a968\" data-element_type=\"widget\" data-widget_type=\"heading.default\">\n\t\t\t\t<div class=\"elementor-widget-container\">\n\t\t\t<h2 class=\"elementor-heading-title elementor-size-default\">Dru\u017einska tradicija<\/h2>\t\t<\/div>\n\t\t\t\t<\/div>\n\t\t\t\t<div class=\"elementor-element elementor-element-0786ca4 elementor-widget elementor-widget-text-editor\" data-id=\"0786ca4\" data-element_type=\"widget\" data-widget_type=\"text-editor.default\">\n\t\t\t\t<div class=\"elementor-widget-container\">\n\t\t\t\t\t<div class=\"elementor-text-editor elementor-clearfix\"><p><strong>Modno \u0161iviljstvo \u0160pela<\/strong> d.o.o. je trenutno \u0161e v rokah \u0161ivilje<strong> \u0160pele Oblak,<\/strong> ki salon z ljubeznijo in izku\u0161njami uspe\u0161no vodi \u017ee 20+ let. Zadnjih nekaj let pa se v ta kreativni poklic pridno uvaja tudi njena <strong>h\u010derka Teja Bon\u010da.<\/strong><\/p><p>Skupaj bosta va\u0161 priljubljeni salon \u0161e naprej vodili <strong>proti novim modnim smernicam <\/strong>in zadovoljnim strankam.<\/p><\/div>\n\t\t\t\t<\/div>\n\t\t\t\t<\/div>\n\t\t\t\t<div class=\"elementor-element elementor-element-39cd686 elementor-align-left elementor-widget elementor-widget-button\" data-id=\"39cd686\" data-element_type=\"widget\" data-widget_type=\"button.default\">\n\t\t\t\t<div class=\"elementor-widget-container\">\n\t\t\t\t\t<div class=\"elementor-button-wrapper\">\n\t\t\t<a href=\"#kontakt\" class=\"elementor-button-link elementor-button elementor-size-md\" role=\"button\">\n\t\t\t\t\t\t<span class=\"elementor-button-content-wrapper\">\n\t\t\t\t\t\t<span class=\"elementor-button-text\">OBI\u0160\u010cITE NAS<\/span>\n\t\t<\/span>\n\t\t\t\t\t<\/a>\n\t\t<\/div>\n\t\t\t\t<\/div>\n\t\t\t\t<\/div>\n\t\t\t\t\t\t<\/div>\n\t\t\t<\/div>\n\t\t<\/div>\n\t\t\t\t<div class=\"elementor-element elementor-element-d8358c4 elementor-column elementor-col-50 elementor-top-column\" data-id=\"d8358c4\" data-element_type=\"column\" data-settings=\"{&quot;background_background&quot;:&quot;classic&quot;}\">\n\t\t\t<div class=\"elementor-column-wrap  elementor-element-populated\">\n\t\t\t\t\t<div class=\"elementor-widget-wrap\">\n\t\t\t\t<div class=\"elementor-element elementor-element-6751fd8 elementor-widget elementor-widget-image\" data-id=\"6751fd8\" data-element_type=\"widget\" data-widget_type=\"image.default\">\n\t\t\t\t<div class=\"elementor-widget-container\">\n\t\t\t\t\t<div class=\"elementor-image\">\n\t\t\t\t\t\t\t\t\t\t<img loading=\"lazy\" decoding=\"async\" width=\"580\" height=\"598\" src=\"https:\/\/siviljstvo-spela.si\/spelademo\/wp-content\/uploads\/2020\/06\/modno-siviljstvo-spela-kranj-druzinska-tradicija.jpg\" class=\"attachment-large size-large\" alt=\"modno-siviljstvo-spela-kranj-druzinska-tradicija\" srcset=\"https:\/\/siviljstvo-spela.si\/spelademo\/wp-content\/uploads\/2020\/06\/modno-siviljstvo-spela-kranj-druzinska-tradicija.jpg 789w, https:\/\/siviljstvo-spela.si\/spelademo\/wp-content\/uploads\/2020\/06\/modno-siviljstvo-spela-kranj-druzinska-tradicija-291x300.jpg 291w, https:\/\/siviljstvo-spela.si\/spelademo\/wp-content\/uploads\/2020\/06\/modno-siviljstvo-spela-kranj-druzinska-tradicija-768x792.jpg 768w\" sizes=\"auto, (max-width: 580px) 100vw, 580px\" \/>\t\t\t\t\t\t\t\t\t\t\t<\/div>\n\t\t\t\t<\/div>\n\t\t\t\t<\/div>\n\t\t\t\t\t\t<\/div>\n\t\t\t<\/div>\n\t\t<\/div>\n\t\t\t\t\t\t<\/div>\n\t\t\t<\/div>\n\t\t<\/section>\n\t\t\t\t<section class=\"elementor-element elementor-element-4f8d83a elementor-section-boxed elementor-section-height-default elementor-section-height-default elementor-section elementor-top-section\" data-id=\"4f8d83a\" data-element_type=\"section\" id=\"kontakt\" data-settings=\"{&quot;background_background&quot;:&quot;classic&quot;}\">\n\t\t\t\t\t\t<div class=\"elementor-container elementor-column-gap-default\">\n\t\t\t\t<div class=\"elementor-row\">\n\t\t\t\t<div class=\"elementor-element elementor-element-a5f9ed5 elementor-column elementor-col-100 elementor-top-column\" data-id=\"a5f9ed5\" data-element_type=\"column\">\n\t\t\t<div class=\"elementor-column-wrap  elementor-element-populated\">\n\t\t\t\t\t<div class=\"elementor-widget-wrap\">\n\t\t\t\t<div class=\"elementor-element elementor-element-956922f elementor-widget elementor-widget-heading\" data-id=\"956922f\" data-element_type=\"widget\" data-widget_type=\"heading.default\">\n\t\t\t\t<div class=\"elementor-widget-container\">\n\t\t\t<h2 class=\"elementor-heading-title elementor-size-default\">Pove\u017eite se z nami ...<\/h2>\t\t<\/div>\n\t\t\t\t<\/div>\n\t\t\t\t<div class=\"elementor-element elementor-element-34e5bd7 elementor-widget elementor-widget-image\" data-id=\"34e5bd7\" data-element_type=\"widget\" data-widget_type=\"image.default\">\n\t\t\t\t<div class=\"elementor-widget-container\">\n\t\t\t\t\t<div class=\"elementor-image\">\n\t\t\t\t\t\t\t\t\t\t<img decoding=\"async\" src=\"https:\/\/siviljstvo-spela.si\/spelademo\/wp-content\/uploads\/elementor\/thumbs\/pasica-modno-siviljstvo-spela-zasito-z-ljubeznijo-qdbvm5osdypcxbhwz5w5hkpjnd819i9yyjhmhulqrw.png\" title=\"pasica-modno-siviljstvo-spela-zasito-z-ljubeznijo\" alt=\"pasica-modno-siviljstvo-spela-zasito-z-ljubeznijo\" \/>\t\t\t\t\t\t\t\t\t\t\t<\/div>\n\t\t\t\t<\/div>\n\t\t\t\t<\/div>\n\t\t\t\t<div class=\"elementor-element elementor-element-9478aa3 elementor-widget elementor-widget-text-editor\" data-id=\"9478aa3\" data-element_type=\"widget\" data-widget_type=\"text-editor.default\">\n\t\t\t\t<div class=\"elementor-widget-container\">\n\t\t\t\t\t<div class=\"elementor-text-editor elementor-clearfix\"><div class=\"wpforms-container wpforms-container-full\" id=\"wpforms-76\"><form id=\"wpforms-form-76\" class=\"wpforms-validate wpforms-form\" data-formid=\"76\" method=\"post\" enctype=\"multipart\/form-data\" action=\"\/spelademo\/wp-json\/wp\/v2\/pages\/192#wpforms-76\"><div class=\"wpforms-field-container\"><div id=\"wpforms-76-field_0-container\" class=\"wpforms-field wpforms-field-name wpforms-one-half wpforms-first\" data-field-id=\"0\"><label class=\"wpforms-field-label wpforms-label-hide\" for=\"wpforms-76-field_0\">Va\u0161e ime <span class=\"wpforms-required-label\">*<\/span><\/label><input type=\"text\" id=\"wpforms-76-field_0\" class=\"wpforms-field-large wpforms-field-required\" name=\"wpforms[fields][0]\" placeholder=\"Va\u0161e ime\" required><\/div><div id=\"wpforms-76-field_1-container\" class=\"wpforms-field wpforms-field-email wpforms-one-half\" data-field-id=\"1\"><label class=\"wpforms-field-label wpforms-label-hide\" for=\"wpforms-76-field_1\">Va\u0161 e-mail naslov <span class=\"wpforms-required-label\">*<\/span><\/label><input type=\"email\" id=\"wpforms-76-field_1\" class=\"wpforms-field-large wpforms-field-required\" name=\"wpforms[fields][1]\" placeholder=\"Va\u0161 e-mail naslov\" required><\/div><div id=\"wpforms-76-field_3-container\" class=\"wpforms-field wpforms-field-textarea\" data-field-id=\"3\"><textarea id=\"wpforms-76-field_3\" class=\"wpforms-field-medium\" name=\"wpforms[fields][3]\" placeholder=\"Va\u0161e sporo\u010dilo ...\" ><\/textarea><\/div><div id=\"wpforms-76-field_2-container\" class=\"wpforms-field wpforms-field-checkbox\" data-field-id=\"2\"><label class=\"wpforms-field-label wpforms-label-hide\" for=\"wpforms-76-field_2\">Splo\u0161ni pogoji in GDPR <span class=\"wpforms-required-label\">*<\/span><\/label><ul id=\"wpforms-76-field_2\" class=\"wpforms-field-required\"><li class=\"choice-1 depth-1\"><input type=\"checkbox\" id=\"wpforms-76-field_2_1\" name=\"wpforms[fields][2][]\" value=\"\u017delim, da me kontaktirate v najkraj\u0161em mo\u017enem \u010dasu, ter se strinjam s &lt;a hef=&quot;https:\/\/siviljstvo-spela.si\/spelademo\/gdpr-splosni-pogoji\/&quot; style=&quot;color: #2C1120; font-weight: 600;&quot;&gt;splo\u0161nimi pogoji.&lt;\/a&gt;\" required ><label class=\"wpforms-field-label-inline\" for=\"wpforms-76-field_2_1\">\u017delim, da me kontaktirate v najkraj\u0161em mo\u017enem \u010dasu, ter se strinjam s <a style=\"color: #2C1120;font-weight: 600\">splo\u0161nimi pogoji.<\/a><\/label><\/li><\/ul><\/div><\/div><div class=\"wpforms-field wpforms-field-hp\"><label for=\"wpforms-field_hp\" class=\"wpforms-field-label\">Email<\/label><input type=\"text\" name=\"wpforms[hp]\" id=\"wpforms-field_hp\" class=\"wpforms-field-medium\"><\/div><div class=\"wpforms-submit-container\" ><input type=\"hidden\" name=\"wpforms[id]\" value=\"76\"><input type=\"hidden\" name=\"wpforms[author]\" value=\"1\"><button type=\"submit\" name=\"wpforms[submit]\" class=\"wpforms-submit \" id=\"wpforms-submit-76\" value=\"wpforms-submit\" data-alt-text=\"Po\u0161iljanje ...\">POTRDI PODATKE<\/button><\/div><\/form><\/div><\/div>\n\t\t\t\t<\/div>\n\t\t\t\t<\/div>\n\t\t\t\t\t\t<\/div>\n\t\t\t<\/div>\n\t\t<\/div>\n\t\t\t\t\t\t<\/div>\n\t\t\t<\/div>\n\t\t<\/section>\n\t\t\t\t<section class=\"elementor-element elementor-element-0632648 elementor-section-boxed elementor-section-height-default elementor-section-height-default elementor-section elementor-top-section\" data-id=\"0632648\" data-element_type=\"section\" data-settings=\"{&quot;background_background&quot;:&quot;classic&quot;}\">\n\t\t\t\t\t\t<div class=\"elementor-container elementor-column-gap-default\">\n\t\t\t\t<div class=\"elementor-row\">\n\t\t\t\t<div class=\"elementor-element elementor-element-91997b4 elementor-column elementor-col-100 elementor-top-column\" data-id=\"91997b4\" data-element_type=\"column\">\n\t\t\t<div class=\"elementor-column-wrap  elementor-element-populated\">\n\t\t\t\t\t<div class=\"elementor-widget-wrap\">\n\t\t\t\t<div class=\"elementor-element elementor-element-9386ac0 elementor-widget elementor-widget-heading\" data-id=\"9386ac0\" data-element_type=\"widget\" data-widget_type=\"heading.default\">\n\t\t\t\t<div class=\"elementor-widget-container\">\n\t\t\t<h2 class=\"elementor-heading-title elementor-size-default\">Nahajamo se <b>na Smledni\u0161ki cesti 62 A, 4000 Kranj.<\/b> Obi\u0161\u010dite nas!<\/h2>\t\t<\/div>\n\t\t\t\t<\/div>\n\t\t\t\t\t\t<\/div>\n\t\t\t<\/div>\n\t\t<\/div>\n\t\t\t\t\t\t<\/div>\n\t\t\t<\/div>\n\t\t<\/section>\n\t\t\t\t\t\t<\/div>\n\t\t\t<\/div>\n\t\t<\/div>\n\t\t","protected":false},"excerpt":{"rendered":"<p>Kdo smo? Modno \u0161iviljstvo \u0160pela d.o.o. je \u0161iviljstvo, ki se nahaja v Kranju, na Smledni\u0161ki cesti 62a. Ukvarjamo se z vsemi vrstami \u0161iviljskih opravil od popravil do izdelave obla\u010dil po meri. V na\u0161em \u0161iviljstvu izdelujemo mo\u0161ke poro\u010dne in poslovne obleke po meri. Izdelujemo tudi \u017eenske kostime za posel in prosti \u010das. Seveda pa poleg zgoraj [&hellip;]<\/p>\n","protected":false},"author":1,"featured_media":30,"parent":0,"menu_order":0,"comment_status":"closed","ping_status":"closed","template":"elementor_header_footer","meta":{"bgseo_title":"Kontakt - \u0161ivanje po meri, popravila v enem dnevu | Modno \u0161iviljstvo \u0160pela","bgseo_description":"Sve\u010dane obleke (matura, valeta), \u017eenski kostimi in mo\u0161ke obleke po meri, poro\u010dne obleke, \u0161ivanje po meri, ... Metrsko blago, popravila v enem dnevu.\r\nKontakt: 031 208 124 (\u0160pela). Modno \u0161iviljstvo \u0160pela, Smledni\u0161ka cesta 62 A, Kranj","bgseo_robots_index":"index","bgseo_robots_follow":"follow","footnotes":""},"class_list":["post-192","page","type-page","status-publish","has-post-thumbnail","hentry"],"_links":{"self":[{"href":"https:\/\/siviljstvo-spela.si\/spelademo\/wp-json\/wp\/v2\/pages\/192","targetHints":{"allow":["GET"]}}],"collection":[{"href":"https:\/\/siviljstvo-spela.si\/spelademo\/wp-json\/wp\/v2\/pages"}],"about":[{"href":"https:\/\/siviljstvo-spela.si\/spelademo\/wp-json\/wp\/v2\/types\/page"}],"author":[{"embeddable":true,"href":"https:\/\/siviljstvo-spela.si\/spelademo\/wp-json\/wp\/v2\/users\/1"}],"replies":[{"embeddable":true,"href":"https:\/\/siviljstvo-spela.si\/spelademo\/wp-json\/wp\/v2\/comments?post=192"}],"version-history":[{"count":3,"href":"https:\/\/siviljstvo-spela.si\/spelademo\/wp-json\/wp\/v2\/pages\/192\/revisions"}],"predecessor-version":[{"id":195,"href":"https:\/\/siviljstvo-spela.si\/spelademo\/wp-json\/wp\/v2\/pages\/192\/revisions\/195"}],"wp:featuredmedia":[{"embeddable":true,"href":"https:\/\/siviljstvo-spela.si\/spelademo\/wp-json\/wp\/v2\/media\/30"}],"wp:attachment":[{"href":"https:\/\/siviljstvo-spela.si\/spelademo\/wp-json\/wp\/v2\/media?parent=192"}],"curies":[{"name":"wp","href":"https:\/\/api.w.org\/{rel}","templated":true}]}}